{"id":15583,"date":"2025-05-04T20:38:46","date_gmt":"2025-05-04T18:38:46","guid":{"rendered":"https:\/\/www.rikschaguide.com\/?page_id=15583"},"modified":"2026-02-15T18:36:36","modified_gmt":"2026-02-15T16:36:36","slug":"imprint","status":"publish","type":"page","link":"https:\/\/www.rikschaguide.com\/en\/imprint\/","title":{"rendered":"imprint"},"content":{"rendered":"<p style=\"text-align: center;\"><strong>rikschaguide.com<\/strong><br \/>\nSchlei\u00dfheimerstra\u00dfe 181a<br \/>\nD-80797 M\u00fcnchen<\/p>\n<p style=\"text-align: center;\"><span class=\"c-markdown c-content-body\"><span class=\"c-markdown-content\">USt-ID<\/span><\/span> DE315594827<\/p>\n<p style=\"text-align: center;\">Phone: <a href=\"tel:+498930779204\">+4908930779204<\/a><br \/>\nE-Mail: impressum[at]rikschaguide.com<\/p>\n<pre><span class=\"c-markdown c-content-body\"><span class=\"c-markdown-content\">You can find the EU platform for online dispute resolution here: <a href=\"http:\/\/ec.europa.eu\/consumers\/odr\/\" class=\"external\" rel=\"nofollow\">http:\/\/ec.europa.eu\/consumers\/odr\/<\/a>.<\/span><\/span><\/pre>\n","protected":false},"excerpt":{"rendered":"<p>rikschaguide.com Schlei\u00dfheimerstra\u00dfe 181a D-80797 M\u00fcnchen USt-ID DE315594827 Phone: +4908930779204 E-Mail: impressum[at]rikschaguide.com You can find the EU platform for online dispute resolution here: http:\/\/ec.europa.eu\/consumers\/odr\/.<\/p>\n","protected":false},"author":1,"featured_media":0,"parent":0,"menu_order":0,"comment_status":"closed","ping_status":"closed","template":"","meta":{"_acf_changed":false,"footnotes":""},"class_list":["post-15583","page","type-page","status-publish","hentry"],"acf":[],"_links":{"self":[{"href":"https:\/\/www.rikschaguide.com\/en\/wp-json\/wp\/v2\/pages\/15583","targetHints":{"allow":["GET"]}}],"collection":[{"href":"https:\/\/www.rikschaguide.com\/en\/wp-json\/wp\/v2\/pages"}],"about":[{"href":"https:\/\/www.rikschaguide.com\/en\/wp-json\/wp\/v2\/types\/page"}],"author":[{"embeddable":true,"href":"https:\/\/www.rikschaguide.com\/en\/wp-json\/wp\/v2\/users\/1"}],"replies":[{"embeddable":true,"href":"https:\/\/www.rikschaguide.com\/en\/wp-json\/wp\/v2\/comments?post=15583"}],"version-history":[{"count":5,"href":"https:\/\/www.rikschaguide.com\/en\/wp-json\/wp\/v2\/pages\/15583\/revisions"}],"predecessor-version":[{"id":17309,"href":"https:\/\/www.rikschaguide.com\/en\/wp-json\/wp\/v2\/pages\/15583\/revisions\/17309"}],"wp:attachment":[{"href":"https:\/\/www.rikschaguide.com\/en\/wp-json\/wp\/v2\/media?parent=15583"}],"curies":[{"name":"wp","href":"https:\/\/api.w.org\/{rel}","templated":true}]}}