{"id":15574,"date":"2025-05-04T20:33:08","date_gmt":"2025-05-04T18:33:08","guid":{"rendered":"https:\/\/www.rikschaguide.com\/?page_id=15574"},"modified":"2026-02-15T18:34:31","modified_gmt":"2026-02-15T16:34:31","slug":"about-us","status":"publish","type":"page","link":"https:\/\/www.rikschaguide.com\/en\/about-us\/","title":{"rendered":"About us"},"content":{"rendered":"<p data-start=\"25\" data-end=\"193\"><strong>rikschaguide.com<\/strong> was founded in Munich at the end of 2017 and was the first online platform in Germany dedicated exclusively to tours and events by bicycle rickshaw.<\/p>\n<p data-start=\"195\" data-end=\"380\">Discovering a city by rickshaw is a special experience: the certified rickshaw guides listed on rikschaguide.com offer highly individual, personal tours that leave a lasting impression.<\/p>\n<p data-start=\"382\" data-end=\"688\">Guests can arrange their e-rickshaw city experience either directly through the guides\u2019 personal profiles on each city page (on their own responsibility) or centrally via the instant-booking feature. After launching in Munich, rikschaguide.com expanded to other cities, including Berlin, Hamburg and Cologne.<\/p>\n<p data-start=\"690\" data-end=\"1023\">rikschaguide.com was founded by Falk Hilber. A Munich native, Hilber has been running bicycle-rickshaw tours in his hometown since 2007. From the very beginning he has campaigned politically to establish the bicycle rickshaw as a sustainable mode of transport in tourism (experience segment) and in public transit (mobility segment).<\/p>\n<p data-start=\"1025\" data-end=\"1361\">In cooperation with municipal authorities, designated stands and regulations were introduced. Together with the Department of Labor and Economic Development (Munich Tourism), Hilber initiated the first two training programs for \u201cCertified Rickshaw Guides of the City of Munich\u201d in 2017 and 2021 to safeguard the quality of guided tours.<\/p>\n<p data-start=\"1363\" data-end=\"1789\">In 2024, under the spin-off \u201cSmart Pedicab Mobility\u201d (SPM), the first city-wide public-transport rickshaw service\u2014called <strong data-start=\"1484\" data-end=\"1501\">AltstadtMobil<\/strong>\u2014was piloted in partnership with the City of Munich. For two months (mid-July to mid-September), four e-rickshaws plus one wheelchair-accessible rickshaw provided emission-free transport in Munich\u2019s city center from 7 a.m. to midnight in a two-shift operation, bookable on demand via app.<\/p>\n<p data-start=\"1791\" data-end=\"2234\">Together with his team, Falk Hilber has owned and managed rikschaguide.com since 2017. During the pandemic years 2020\/2021 he founded the manufacturer <strong data-start=\"1942\" data-end=\"1953\">Coolly\u00ae<\/strong> (<a class=\" external\"http:\/\/www.coolly.bike\" target=\"_new\" rel=\"noopener nofollow\" data-start=\"1955\" data-end=\"1970\">www.coolly.bike<\/a>). Under the same brand, the City model is produced in Munich in two variants (F and H)\u2014a modern e-rickshaw suitable both as a family bike and for professional or volunteer passenger service. Coolly\u00ae models are continuously developed and distributed across Europe.<\/p>\n<p data-start=\"2236\" data-end=\"2577\">rikschaguide.com also operates its own vehicle fleet in Munich, using the Coolly\u00ae and the \u201cModel Zero.\u201d The vehicles are rented to self-employed drivers and offered as experiences for private customers: the Coolly\u00ae e-rickshaw can be hired via rikschaguide.com at flexible rates (\u201cdrive your own e-rickshaw\u201d) for independent city exploration.<\/p>\n<p data-start=\"2579\" data-end=\"3028\" data-is-last-node=\"\" data-is-only-node=\"\">Since 2019, rikschaguide.com has run bespoke, attention-grabbing campaigns, team events and shuttles for companies and brands using custom-branded versions of both vehicles. From the outset, rikschaguide.com has relied on dependable regional partners and ecological sustainability: since 2017, 100 percent of the electricity for its premises, production and fleet operations has come from renewable energy supplied by the Munich provider Polarstern.<\/p>\n<p style=\"text-align: center;\"><strong>Tailored campagins and\/or shuttles for:<\/strong><\/p>\n<p style=\"text-align: center;\">Gilead Sciences | Stadtsparkasse M\u00fcnchen | PepsiCo USA | Galeria Kaufhof | Stadtwerke M\u00fcnchen | Google UK | Mercedes Benz | TikTok Germany | Boe Concept | Pharma Med | Infineon | Fremantle Media | Gilead | Grundfos | Siemens | Targetik | Deutsche Marketing 24 | Sprint 1 | Allianz Versicherung |Bayern Tourismus | Deutschland Tourismus | M\u00fcnchen Tourismus | Referat f\u00fcr Arbeit und Wirtschaft | Mobilit\u00e4tsreferat | Referat f\u00fcr Umwelt und Gesundheit | BayWa | Parkster | Pandion | Heineken | Renault | Volkswagen | Accor Hotels | R+V Allgemeine Versicherung | Hirmer M\u00fcnchen | SEG Automotive | Verdane | Celonis Deutschland | Zscaler | Rotary Club<\/p>\n","protected":false},"excerpt":{"rendered":"<p>rikschaguide.com was founded in Munich at the end of 2017 and was the first online platform in Germany dedicated exclusively to tours and events by bicycle rickshaw. Discovering a city by rickshaw is a special experience: the certified rickshaw guides listed on rikschaguide.com offer highly individual, personal tours that leave a lasting impression. Guests can &hellip; <a href=\"https:\/\/www.rikschaguide.com\/en\/about-us\/\" class=\"more-link\">Continue reading <span class=\"screen-reader-text\">About us<\/span><\/a><\/p>\n","protected":false},"author":1,"featured_media":17292,"parent":0,"menu_order":0,"comment_status":"closed","ping_status":"closed","template":"","meta":{"_acf_changed":false,"footnotes":""},"class_list":["post-15574","page","type-page","status-publish","has-post-thumbnail","hentry"],"acf":[],"_links":{"self":[{"href":"https:\/\/www.rikschaguide.com\/en\/wp-json\/wp\/v2\/pages\/15574","targetHints":{"allow":["GET"]}}],"collection":[{"href":"https:\/\/www.rikschaguide.com\/en\/wp-json\/wp\/v2\/pages"}],"about":[{"href":"https:\/\/www.rikschaguide.com\/en\/wp-json\/wp\/v2\/types\/page"}],"author":[{"embeddable":true,"href":"https:\/\/www.rikschaguide.com\/en\/wp-json\/wp\/v2\/users\/1"}],"replies":[{"embeddable":true,"href":"https:\/\/www.rikschaguide.com\/en\/wp-json\/wp\/v2\/comments?post=15574"}],"version-history":[{"count":8,"href":"https:\/\/www.rikschaguide.com\/en\/wp-json\/wp\/v2\/pages\/15574\/revisions"}],"predecessor-version":[{"id":17307,"href":"https:\/\/www.rikschaguide.com\/en\/wp-json\/wp\/v2\/pages\/15574\/revisions\/17307"}],"wp:featuredmedia":[{"embeddable":true,"href":"https:\/\/www.rikschaguide.com\/en\/wp-json\/wp\/v2\/media\/17292"}],"wp:attachment":[{"href":"https:\/\/www.rikschaguide.com\/en\/wp-json\/wp\/v2\/media?parent=15574"}],"curies":[{"name":"wp","href":"https:\/\/api.w.org\/{rel}","templated":true}]}}